{"id":5459,"date":"2016-10-13T21:33:12","date_gmt":"2016-10-13T19:33:12","guid":{"rendered":"http:\/\/laufclub-badkreuznach.de\/?page_id=5459"},"modified":"2023-10-26T11:58:38","modified_gmt":"2023-10-26T09:58:38","slug":"verein-2","status":"publish","type":"page","link":"https:\/\/www.laufclub-badkreuznach.de\/?page_id=5459","title":{"rendered":"Verein"},"content":{"rendered":"<div class=\"wpb-content-wrapper\"><p>[vc_row][vc_column][vc_column_text]<span style=\"font-size: 14pt;\">Nach der Vereinsgr\u00fcndung im Jahre 1980 durch den ersten &#8222;gro\u00dfen Vorsitzenden&#8220;\u00a0Werner Beisiegel\u00a0hat sich der LC 80 von einem reinen Laufverein durch die fr\u00fchzeitige Gr\u00fcndung einer aktiven und erfolgreichen Triathlonabteilung \u00fcber die Jahre zu einem der namhaften Lauf- und Triathlon-Vereine im Kreis Bad Kreuznach entwickelt.<\/span><\/p>\n<p><span style=\"font-size: 14pt;\">Der LC 80 ist beim Amtsgericht Bad Kreuznach als <span style=\"font-size: 18pt;\">gemeinn\u00fctziger Verein<\/span> eingetragen. Er ist Mitglied des<strong> <a href=\"http:\/\/www.lsb-rlp.de\/\" target=\"_blank\" rel=\"noopener noreferrer\">Landessportbundes Rheinland Pfalz<\/a>,<\/strong> des <a href=\"http:\/\/www.lvrheinland.de\/\" target=\"_blank\" rel=\"noopener noreferrer\"><strong>Leichtathletik-Verbandes Rheinland<\/strong><\/a> und des <a href=\"http:\/\/www.rtv-triathlon.de\/\" target=\"_blank\" rel=\"noopener noreferrer\"><strong>Rheinland-pf\u00e4lzischen\u00a0Triathlonverbandes<\/strong><\/a>.\u00a0<\/span><\/p>\n<p><strong><span style=\"font-size: 14pt;\">Silvesterlauf Bad Kreuznach<\/span><\/strong> <span style=\"font-size: 14pt;\"><strong>auf dem Kuhberg:<\/strong><\/span><\/p>\n<p><span style=\"font-size: 14pt;\">Der LC 80 Bad Kreuznach e. V. \u00fcbernimmt die Organisation der beliebten Traditionsveranstaltung. Der Silvesterlauf wird dem Gedenken an den Vereinsgr\u00fcnder und langj\u00e4hrigen, verdienstvollen Vorsitzenden Werner Beisiegel gewidmet.<\/span><\/p>\n<p><span style=\"font-size: 14pt;\">Leider k\u00f6nnen wir den urspr\u00fcnglichen\u00a0<\/span><span style=\"font-size: 14pt;\">Werner-Beisiegel-Ged\u00e4chtnislauf,\u00a0 zwischen Bad M\u00fcnster und dem Stausee bei Niederhausen, nicht mehr veranstalten, da die Wege jetzt einer anderen Nutzung unterliegen und umgebaut wurden.<br \/>\n<\/span><\/p>\n<p><span style=\"font-size: 14pt;\">Neben den sportlichen Aktivit\u00e4ten stehen im Verein aber auch Geselligkeit und Spa\u00df weit im Vordergrund. Daf\u00fcr sind wir bekannt. Die Vereinsatmosph\u00e4re ist kameradschaftlich und famili\u00e4r.<\/span><\/p>\n<p><strong><span style=\"font-size: 14pt;\">Werde auch DU Teil der LC 80 Familie!<\/span><\/strong><\/p>\n<p><span style=\"font-size: 14pt;\">Mobil: 0176 72358162 (1. Vorsitzender )<\/span><\/p>\n<p><span style=\"font-size: 14pt;\">E-Mail: lc80kh@googlemail.com<\/span><\/p>\n<p><span style=\"font-size: 14pt;\">\u00a0<\/span><\/p>\n<p><span style=\"font-size: 14pt;\">Vorstand:<\/span><\/p>\n<p><span style=\"font-size: 14pt;\">1. Vorsitzender: Michael Landvogt<\/span><\/p>\n<p><span style=\"font-size: 14pt;\">2. Vorsitzender: Peter Schneider<\/span><\/p>\n<p><span style=\"font-size: 14pt;\">Sportwart: Marcel Remmert<\/span><\/p>\n<p><span style=\"font-size: 14pt;\">Schriftf\u00fchrerin und Presseverantwortliche: Christine Langer<\/span><\/p>\n<p><span style=\"font-size: 14pt;\">Internetbeauftragter: Rainer Meffert<br \/>\n<\/span><\/p>\n<p><span style=\"font-size: 14pt;\">Schatzmeisterin: Ursula Muth<\/span><\/p>\n<p><span style=\"font-size: 14pt;\">Beisitzer: Eckard Haas, Frank Schmitt, Rainer Meffert<br \/>\n<\/span><\/p>\n<p><span style=\"font-size: 14pt;\">Bankverbindung: Sparkasse Rhein Nahe\u00a0IBAN DE45 56050180 0000170126<\/span>[\/vc_column_text][\/vc_column][\/vc_row][vc_row][vc_column][vc_empty_space][\/vc_column][\/vc_row]<\/p>\n<\/div>","protected":false},"excerpt":{"rendered":"<p>[vc_row][vc_column][vc_column_text]Nach der Vereinsgr\u00fcndung im Jahre 1980 durch den ersten &#8222;gro\u00dfen Vorsitzenden&#8220;\u00a0Werner Beisiegel\u00a0hat sich der LC 80 von einem reinen Laufverein durch die fr\u00fchzeitige Gr\u00fcndung einer aktiven und erfolgreichen Triathlonabteilung \u00fcber<\/p>\n","protected":false},"author":4,"featured_media":0,"parent":0,"menu_order":0,"comment_status":"closed","ping_status":"closed","template":"","meta":{"footnotes":""},"class_list":["post-5459","page","type-page","status-publish","hentry"],"_links":{"self":[{"href":"https:\/\/www.laufclub-badkreuznach.de\/index.php?rest_route=\/wp\/v2\/pages\/5459","targetHints":{"allow":["GET"]}}],"collection":[{"href":"https:\/\/www.laufclub-badkreuznach.de\/index.php?rest_route=\/wp\/v2\/pages"}],"about":[{"href":"https:\/\/www.laufclub-badkreuznach.de\/index.php?rest_route=\/wp\/v2\/types\/page"}],"author":[{"embeddable":true,"href":"https:\/\/www.laufclub-badkreuznach.de\/index.php?rest_route=\/wp\/v2\/users\/4"}],"replies":[{"embeddable":true,"href":"https:\/\/www.laufclub-badkreuznach.de\/index.php?rest_route=%2Fwp%2Fv2%2Fcomments&post=5459"}],"version-history":[{"count":0,"href":"https:\/\/www.laufclub-badkreuznach.de\/index.php?rest_route=\/wp\/v2\/pages\/5459\/revisions"}],"wp:attachment":[{"href":"https:\/\/www.laufclub-badkreuznach.de\/index.php?rest_route=%2Fwp%2Fv2%2Fmedia&parent=5459"}],"curies":[{"name":"wp","href":"https:\/\/api.w.org\/{rel}","templated":true}]}}