{"id":4974,"date":"2016-09-01T10:51:34","date_gmt":"2016-09-01T08:51:34","guid":{"rendered":"http:\/\/laufclub-badkreuznach.de\/?page_id=4974"},"modified":"2017-06-01T11:39:09","modified_gmt":"2017-06-01T09:39:09","slug":"lauftreff","status":"publish","type":"page","link":"https:\/\/www.laufclub-badkreuznach.de\/?page_id=4974","title":{"rendered":"Lauftreff"},"content":{"rendered":"<div class=\"wpb-content-wrapper\"><p>[vc_row][vc_column][vc_column_text]<strong><span style=\"font-size: 18pt;\">Der sonnt\u00e4gliche Lauftreff auf dem Kuhberg<\/span><\/strong><br \/>\n<span style=\"font-size: 14pt;\"> \u00a0<\/span><br \/>\n<span style=\"font-size: 14pt;\">Herzst\u00fcck des Vereins ist der vom <strong><a href=\"http:\/\/www.deutscher-leichtathletik-verband.de\/index.php?SiteID=128\" target=\"_blank\" rel=\"noopener noreferrer\">Deutschen Leichtathletikverband<\/a> <\/strong>(DLV) anerkannte Lauftreff. Er findet immer sonntags sowie an arbeitsfreien Feiertagen auf dem Kuhberg statt.<\/span><\/p>\n<p><span style=\"font-size: 14pt;\"> Treffpunkt ist der Wanderparkplatz gegen\u00fcber dem &#8222;Forsthaus Spreitel&#8220;. P\u00fcnktlich um 9.00 Uhr geht es auf die Strecken von 7, 10, 13 oder 18 km. Je nach Absprache werden auch k\u00fcrzere oder l\u00e4ngere Strecken gelaufen. Auch einige Nordic Walker sind meist dabei.<\/span><br \/>\n<span style=\"font-size: 14pt;\"> Einsteiger werden von erfahrenen L\u00e4ufern begleitet, so dass keiner Angst haben muss, sich zu verlaufen oder alleine im Wald stehen gelassen zu werden.<\/span><\/p>\n<p><span style=\"font-size: 14pt;\"> Komm einfach mal vorbei! Einsteiger und G\u00e4ste sind jederzeit willkommen. Wir freuen uns auf Dich!<\/span><br \/>\n<span style=\"font-size: 14pt;\"> \u00a0<\/span><br \/>\n<strong><span style=\"font-size: 18pt;\"> Der sonnt\u00e4gliche Stammtisch im Waldheim<\/span><\/strong><br \/>\n<span style=\"font-size: 14pt;\"> Im Anschluss an den Lauftreff gehts dann zum gem\u00fctlichen Teil ins nahe gelegene <a href=\"http:\/\/www.das-neue-waldheim.de\/index.html\" target=\"_blank\" rel=\"noopener noreferrer\">Waldheim<\/a>, um die geleerten Speicher wieder rasch aufzuf\u00fcllen und aktuelle Themen zu bereden. Oder einfach nur, um zu plaudern, zu feiern und gemeinsam Spa\u00df zu haben. Und nebenbei werden noch weitere individuelle Verabredungen getroffen, wie beispielsweise zu gemeinsamen Radtouren etc.<\/span>[\/vc_column_text][\/vc_column][\/vc_row][vc_row][vc_column][vc_empty_space][\/vc_column][\/vc_row][vc_row][vc_column][vc_gallery type=&#8220;image_grid&#8220; images=&#8220;5973,5972&#8243; img_size=&#8220;395&#215;250&#8243;][\/vc_column][\/vc_row]<\/p>\n<\/div>","protected":false},"excerpt":{"rendered":"<p>[vc_row][vc_column][vc_column_text]Der sonnt\u00e4gliche Lauftreff auf dem Kuhberg \u00a0 Herzst\u00fcck des Vereins ist der vom Deutschen Leichtathletikverband (DLV) anerkannte Lauftreff. Er findet immer sonntags sowie an arbeitsfreien Feiertagen auf dem Kuhberg statt.<\/p>\n","protected":false},"author":4,"featured_media":0,"parent":0,"menu_order":0,"comment_status":"closed","ping_status":"closed","template":"","meta":{"footnotes":""},"class_list":["post-4974","page","type-page","status-publish","hentry"],"_links":{"self":[{"href":"https:\/\/www.laufclub-badkreuznach.de\/index.php?rest_route=\/wp\/v2\/pages\/4974","targetHints":{"allow":["GET"]}}],"collection":[{"href":"https:\/\/www.laufclub-badkreuznach.de\/index.php?rest_route=\/wp\/v2\/pages"}],"about":[{"href":"https:\/\/www.laufclub-badkreuznach.de\/index.php?rest_route=\/wp\/v2\/types\/page"}],"author":[{"embeddable":true,"href":"https:\/\/www.laufclub-badkreuznach.de\/index.php?rest_route=\/wp\/v2\/users\/4"}],"replies":[{"embeddable":true,"href":"https:\/\/www.laufclub-badkreuznach.de\/index.php?rest_route=%2Fwp%2Fv2%2Fcomments&post=4974"}],"version-history":[{"count":0,"href":"https:\/\/www.laufclub-badkreuznach.de\/index.php?rest_route=\/wp\/v2\/pages\/4974\/revisions"}],"wp:attachment":[{"href":"https:\/\/www.laufclub-badkreuznach.de\/index.php?rest_route=%2Fwp%2Fv2%2Fmedia&parent=4974"}],"curies":[{"name":"wp","href":"https:\/\/api.w.org\/{rel}","templated":true}]}}